{"id":4,"date":"2017-03-31T11:50:08","date_gmt":"2017-03-31T09:50:08","guid":{"rendered":"http:\/\/www.architettoleonardo.com\/?page_id=4"},"modified":"2024-05-07T15:01:56","modified_gmt":"2024-05-07T13:01:56","slug":"cookie-policy","status":"publish","type":"page","link":"https:\/\/www.architettoleonardo.com\/?page_id=4&lang=it","title":{"rendered":"Cookie policy"},"content":{"rendered":"<p align=\"center\"><strong>Cookie Policy<\/strong><br \/>\n<strong>Informativa art. 13 Dlgs 196\/2003<\/strong><\/p>\n<p>Questa informativa sull&#8217;utilizzo dei cookie sul sito web <a href=\"http:\/\/www.architettoleonardo.com\/\">http:\/\/www.architettoleonardo.com<\/a> \u00e8 resa all&#8217;utente in attuazione del provvedimento del Garante per la protezione dei dati personali dell&#8217;8 maggio 2014 &#8220;Individuazione delle modalit\u00e0 semplificate per l&#8217;informativa e l&#8217;acquisizione del consenso per l&#8217;uso dei cookie&#8221; e nel rispetto dell&#8217;art. 13 del Codice privacy (D.Lgs. n. 196\/2003).<\/p>\n<p>L&#8217;informativa \u00e8 predisposta e aggiornata da LEONARDO LAZZARETTI\u00a0 Titolare del trattamento di dati personali a esso connesso, con sede in Via Del Carmine, 25 &#8211; 42015 Correggio (RE) &#8211; ITALY &#8211; P.Iva 01942720358 &#8211; C.F. LZZLRD68E21D037C,\u00a0 Telefono:+39 338 4450 500, <span style=\"line-height: 1.62;\">email <a href=\"mailto:info@architettoleonardo.com\">info@architettoleonardo.com<\/a>. <\/span>Ogni ulteriore richiesta circa l&#8217;utilizzo dei cookie nel presente sito web pu\u00f2 essere inviata all&#8217; indirizzo email <a href=\"mailto:info@architettoleonardo.com\">info@architettoleonardo.com<\/a>.<\/p>\n<p>Puoi utilizzare lo stesso indirizzo per esercitare in qualsiasi momento i diritti che il Codice ti attribuisce in qualit\u00e0 di interessato (art. 7 e ss D.Lgs. 30 giugno 2003, n. 196: ad esempio, accesso, cancellazione, aggiornamento, rettificazione, integrazione, ecc.), nonch\u00e9 per chiedere l&#8217;elenco aggiornato dei Responsabili del trattamento eventualmente designati.<\/p>\n<p>I tuoi dati personali sono trattati in ogni caso da specifici incaricati di LEONARDO LAZZARETTI, e non sono comunicati n\u00e9 diffusi.<\/p>\n<p><strong>CHE COSA SONO I COOKIE?<\/strong><br \/>\nI cookie sono stringhe di testo di piccola dimensione che un sito web pu\u00f2 inviare, durante la navigazione, al tuo dispositivo (sia esso un pc, un notebook, uno smartphone, un tablet; di norma sono conservati direttamente sul browser utilizzato per la navigazione). Lo stesso sito web che li ha trasmessi, poi pu\u00f2 leggere e registrare i cookie che si trovano sullo stesso dispositivo per ottenere informazioni di vario tipo.<\/p>\n<p><strong>QUANTI TIPI DI COOKIE ESISTONO?<\/strong><br \/>\nEsistono due macro-categorie fondamentali, con caratteristiche diverse: cookie tecnici e cookie di profilazione. I cookie tecnici sono generalmente necessari per il corretto funzionamento del sito web e per permettere la navigazione; senza di essi potresti non essere in grado di visualizzare correttamente le pagine oppure di utilizzare alcuni servizi. Per esempio, un cookie tecnico \u00e8 indispensabile per mantenere l&#8217;utente collegato durante tutta la visita a un sito web, oppure per memorizzare le impostazioni della lingua, della visualizzazione, e cos\u00ec via.<\/p>\n<p>I <strong>cookie tecnici<\/strong> possono essere ulteriormente distinti in:<\/p>\n<ul>\n<li>cookie di navigazione, che garantiscono la normale navigazione e fruizione del sito web (permettendo, ad esempio, di realizzare un acquisto o autenticarsi per accedere ad aree riservate);<\/li>\n<li>cookie analytics, assimilati ai cookie tecnici solo laddove utilizzati direttamente dal gestore del sito per raccogliere informazioni, in forma aggregata, sul numero degli utenti e su come questi visitano il sito stesso;<\/li>\n<li>cookie di funzionalit\u00e0, che permettono all&#8217;utente la navigazione in funzione di una serie di criteri selezionati (ad esempio, la lingua, i prodotti selezionati per l&#8217;acquisto) al fine di migliorare il servizio reso allo stesso.<\/li>\n<\/ul>\n<p>I cookie tecnici possono essere anche forniti da terze parti (cd. \u201c<strong>cookie di terze parti<\/strong>\u201d), e possono corrispondere a tutte le tipologie indicate sopra.<\/p>\n<p>I <strong>cookie di profilazione<\/strong> hanno il compito di profilare l&#8217;utente e vengono utilizzati al fine di inviare messaggi pubblicitari in linea con le preferenze manifestate dallo stesso durante la sua navigazione.<\/p>\n<p><strong>QUALI COOKIE UTILIZZA QUESTO SITO?<\/strong><br \/>\nQuesto sito utilizza cookie tecnici, diretti o di terze parti, finalizzati a garantire il corretto funzionamento del sito, senza dei quali la tua esperienza di navigazione non sarebbe gradevole.<br \/>\nVengono esclusi in ogni forma i cookie di profilazione.<\/p>\n<p>Per migliorare il nostro sito e comprendere quali parti o elementi siano maggiormente apprezzati dagli utenti utilizziamo anche, come strumento di analisi anonima e aggregata, un cookie di terza parte, ossia Google Analytics. Questo cookie non \u00e8 uno strumento di nostra titolarit\u00e0, per maggiori informazioni, pertanto, \u00e8 possibile consultare l&#8217;informativa fornita da Google al seguente indirizzo:<br \/>\n<a href=\"http:\/\/www.google.it\/policies\/privacy\/partners\/\" target=\"_blank\" rel=\"noopener noreferrer\">http:\/\/www.google.it\/policies\/privacy\/partners\/<\/a><\/p>\n<p>Google Analytics \u00e8 un servizio di analisi web fornito da Google, attraverso il rilascio sul Vostro terminale di appositi cookies che vengono utilizzati al solo fine di ricavare informazioni statistiche anonime sull&#8217;uso del sito.<br \/>\nQuesti cookie possono essere inviati dal fornitore dello strumento, ma sono utilizzati solo per scopi legati al sito.<br \/>\n<a href=\"http:\/\/www.google.com\/analytics\/terms\/it.html\" target=\"_blank\" rel=\"noopener noreferrer\">Cookie di Google Analytics<\/a><br \/>\n<a href=\"https:\/\/www.google.it\/intl\/it\/policies\/technologies\/types\/\" target=\"_blank\" rel=\"noopener noreferrer\">Cookie di Google<\/a><\/p>\n<p>Se preferisci che Google Analytics non utilizzi i dati raccolti in nessun modo puoi modificare la configurazione di ogni browser in modo diverso. Essa \u00e8 descritta nel menu di aiuto del Vostro browser, che Vi permetter\u00e0 di conoscere il modo in cui cambiare le Vostre scelte riguardo i cookies.<\/p>\n<p>Internet Explorer&#x2122;: <a href=\"http:\/\/windows.microsoft.com\/it-IT\/windows-vista\/Block-or-allow-cookies%20target=\">http:\/\/windows.microsoft.com\/it-IT\/windows-vista\/Block-or-allow-cookies<\/a><br \/>\nSafari&#x2122;:<a href=\"http:\/\/www.apple.com\/it\/support\/\" target=\"_blank\" rel=\"noopener noreferrer\">http:\/\/www.apple.com\/it\/support\/<\/a><br \/>\nChrome&#x2122;:<a href=\"https:\/\/support.google.com\/chrome\/answer\/95647?hl=it&amp;hlrm=en\" target=\"_blank\" rel=\"noopener noreferrer\">https:\/\/support.google.com\/chrome\/answer\/95647?hl=it&amp;hlrm=en<\/a><br \/>\nFirefox&#x2122;:<a href=\"http:\/\/support.mozilla.org\/it\/kb\/Attivare%20e%20disattivare%20i%20cookie\" target=\"_blank\" rel=\"noopener noreferrer\">http:\/\/support.mozilla.org\/it\/kb\/Attivare%20e%20disattivare%20i%20cookie<\/a><br \/>\nOpera&#x2122;:<a href=\"http:\/\/help.opera.com\/Windows\/10.20\/it\/cookies.html\" target=\"_blank\" rel=\"noopener noreferrer\">http:\/\/help.opera.com\/Windows\/10.20\/it\/cookies.html<\/a> ecc.<\/p>\n<p>I cookies di Google Analytics possono anche essere rifiutati anche seguendo la procedura indicata da Google (<a href=\"https:\/\/tools.google.com\/dlpage\/gaoptout?hl=it\" target=\"_blank\" rel=\"noopener noreferrer\">https:\/\/tools.google.com\/dlpage\/gaoptout?hl=it<\/a>).<\/p>\n<p>Il sito rimarr\u00e0 comunque pienamente fruibile anche laddove abbiate deciso di disattivare la funzione di monitoraggio. Per un opt-out permanente, il browser deve accettare cookies permanenti. Se il Vostro browser non accetta i cookies permanenti, allora non \u00e8 tecnicamente possibile registrare l\u2019opt-out. Si prega di utilizzare le funzionalit\u00e0 del proprio browser per disattivare il monitoraggio (si veda in proposito il sito <a href=\"http:\/\/www.allaboutcookies.org\/\">www.allaboutcookies.org<\/a>).<\/p>\n<p>Per eliminare i cookie dal browser Internet del proprio smartphone\/tablet, \u00e8 necessario fare riferimento al manuale d&#8217;uso del dispositivo.<\/p>\n<p><strong>Widget Google Map<\/strong><br \/>\nIl sito incorpora il widget di Google Map con la mappa dell&#8217;attivit\u00e0 e tale servizio comporta l\u2019installazione di cookie da Google. Nessuna informazione viene invece condivisa dal sito in cui il widget \u00e8 incorporato. Per maggiori informazioni, anche sulla disattivazione di tali cookie, si consiglia di consultare il seguente link:<br \/>\n<a href=\"https:\/\/www.google.com\/intl\/it_it\/policies\/privacy\/\" target=\"_blank\" rel=\"noopener noreferrer\">https:\/\/www.google.com\/intl\/it_it\/policies\/privacy\/<\/a><\/p>\n<p><strong>Pulsanti di social network<\/strong><br \/>\nI Social buttons sono quei particolari \u201cpulsanti\u201d presenti sul sito che raffigurano le icone di social network (esempio, Facebook e Youtube, Instagram, etc) e consentono agli utenti che stanno navigando di interagire con un \u201cclick\u201d direttamente con le piattaforme social.<\/p>\n<p>I social buttons sono dei link che rinviano agli account del Titolare sui social network raffigurati. Tramite l\u2019utilizzo di tali pulsanti non sono pertanto installati sul sito cookie di terze parti. Si riportano comunque i link ove l\u2019utente pu\u00f2 prendere visione dell\u2019informativa privacy relativa alla gestione dei dati da parte dei Social cui i pulsanti rinviano.<br \/>\n<a href=\"https:\/\/www.facebook.com\/help\/cookies\" target=\"_blank\" rel=\"noopener noreferrer\">https:\/\/www.facebook.com\/help\/cookies<\/a><\/p>\n<p><strong>Widget Facebook<\/strong><br \/>\nIl sito incorpora il widget di Facebook e tale servizio comporta l\u2019installazione di cookie, anche profilanti, da parte di Facebook. Nessuna informazione viene invece condivisa dal sito in cui il widget \u00e8 incorporato. Per maggiori informazioni, anche sulla disattivazione di tali cookie, si consiglia di consultare i seguenti link:<br \/>\n<a href=\"https:\/\/www.facebook.com\/help\/cookies\" target=\"_blank\" rel=\"noopener noreferrer\">https:\/\/www.facebook.com\/help\/cookies<\/a><\/p>\n<p><strong>Add This<\/strong><br \/>\nIl sito utilizza Add This, che consente di aggiungere ed effettuare la gestione di pulsanti di alcuni social network per permettere agli utenti di condividere i contenuti sulle varie piattaforme social.<br \/>\nL\u2019utilizzo di tale servizio di condivisione comporta l\u2019installazione di cookie, anche profilanti, della societ\u00e0 terza che offre il servizio. Il sito non condivide per\u00f2 alcuna informazione di navigazione o dato dell\u2019utente acquisiti nel caso di utilizzo di tali pulsanti di condivisione, ad eccezione di alcuni dati in forma aggregata. E\u2019 possibile consultare l\u2019informativa privacy rivolta agli Utenti che si avvalgono del pulsante AddThis Sharing Button al seguente link:<br \/>\n<a href=\"http:\/\/www.addthis.com\/privacy\/privacy-policy#publisher-visitors\" target=\"_blank\" rel=\"noopener noreferrer\">http:\/\/www.addthis.com\/privacy\/privacy-policy#publisher-visitors<\/a><br \/>\nPer la disattivazione: <a href=\"http:\/\/www.addthis.com\/privacy\/opt-out\" target=\"_blank\" rel=\"noopener noreferrer\">http:\/\/www.addthis.com\/privacy\/opt-out<\/a><\/p>\n","protected":false},"excerpt":{"rendered":"<p>Cookie Policy Informativa art. 13 Dlgs 196\/2003 Questa informativa sull&#8217;utilizzo dei cookie sul sito web http:\/\/www.architettoleonardo.com \u00e8 resa all&#8217;utente in attuazione del provvedimento del Garante per la protezione dei dati personali dell&#8217;8 maggio 2014 &#8220;Individuazione delle modalit\u00e0 semplificate per l&#8217;informativa e l&#8217;acquisizione del consenso per l&#8217;uso dei cookie&#8221; e nel rispetto dell&#8217;art. 13 del Codice [&hellip;]<\/p>\n","protected":false},"author":1,"featured_media":0,"parent":0,"menu_order":0,"comment_status":"closed","ping_status":"closed","template":"","meta":{"seo_booster_metabox":"","footnotes":""},"class_list":["post-4","page","type-page","status-publish","hentry"],"yoast_head":"<!-- This site is optimized with the Yoast SEO plugin v27.4 - https:\/\/yoast.com\/product\/yoast-seo-wordpress\/ -->\r\n<title>Cookie policy -<\/title>\r\n<meta name=\"robots\" content=\"index, follow, max-snippet:-1, max-image-preview:large, max-video-preview:-1\" \/>\r\n<link rel=\"canonical\" href=\"https:\/\/www.architettoleonardo.com\/?page_id=4&lang=it\" \/>\r\n<meta property=\"og:locale\" content=\"it_IT\" \/>\r\n<meta property=\"og:type\" content=\"article\" \/>\r\n<meta property=\"og:title\" content=\"Cookie policy -\" \/>\r\n<meta property=\"og:description\" content=\"Cookie Policy Informativa art. 13 Dlgs 196\/2003 Questa informativa sull&#8217;utilizzo dei cookie sul sito web http:\/\/www.architettoleonardo.com \u00e8 resa all&#8217;utente in attuazione del provvedimento del Garante per la protezione dei dati personali dell&#8217;8 maggio 2014 &#8220;Individuazione delle modalit\u00e0 semplificate per l&#8217;informativa e l&#8217;acquisizione del consenso per l&#8217;uso dei cookie&#8221; e nel rispetto dell&#8217;art. 13 del Codice [&hellip;]\" \/>\r\n<meta property=\"og:url\" content=\"https:\/\/www.architettoleonardo.com\/?page_id=4&amp;lang=it\" \/>\r\n<meta property=\"article:publisher\" content=\"https:\/\/www.facebook.com\/Architetto-Leonardo-Lazzaretti-406650913025237\/\" \/>\r\n<meta property=\"article:modified_time\" content=\"2024-05-07T13:01:56+00:00\" \/>\r\n<meta name=\"twitter:card\" content=\"summary_large_image\" \/>\r\n<meta name=\"twitter:label1\" content=\"Tempo di lettura stimato\" \/>\n\t<meta name=\"twitter:data1\" content=\"6 minuti\" \/>\r\n<script type=\"application\/ld+json\" class=\"yoast-schema-graph\">{\"@context\":\"https:\\\/\\\/schema.org\",\"@graph\":[{\"@type\":\"WebPage\",\"@id\":\"https:\\\/\\\/www.architettoleonardo.com\\\/?page_id=4&lang=it\",\"url\":\"https:\\\/\\\/www.architettoleonardo.com\\\/?page_id=4&lang=it\",\"name\":\"Cookie policy -\",\"isPartOf\":{\"@id\":\"https:\\\/\\\/www.architettoleonardo.com\\\/#website\"},\"datePublished\":\"2017-03-31T09:50:08+00:00\",\"dateModified\":\"2024-05-07T13:01:56+00:00\",\"breadcrumb\":{\"@id\":\"https:\\\/\\\/www.architettoleonardo.com\\\/?page_id=4&lang=it#breadcrumb\"},\"inLanguage\":\"it-IT\",\"potentialAction\":[{\"@type\":\"ReadAction\",\"target\":[\"https:\\\/\\\/www.architettoleonardo.com\\\/?page_id=4&lang=it\"]}]},{\"@type\":\"BreadcrumbList\",\"@id\":\"https:\\\/\\\/www.architettoleonardo.com\\\/?page_id=4&lang=it#breadcrumb\",\"itemListElement\":[{\"@type\":\"ListItem\",\"position\":1,\"name\":\"Home\",\"item\":\"http:\\\/\\\/www.architettoleonardo.com\\\/?page_id=24&lang=it\"},{\"@type\":\"ListItem\",\"position\":2,\"name\":\"Cookie policy\"}]},{\"@type\":\"WebSite\",\"@id\":\"https:\\\/\\\/www.architettoleonardo.com\\\/#website\",\"url\":\"https:\\\/\\\/www.architettoleonardo.com\\\/\",\"name\":\"\",\"description\":\"Archietto\",\"publisher\":{\"@id\":\"https:\\\/\\\/www.architettoleonardo.com\\\/#organization\"},\"potentialAction\":[{\"@type\":\"SearchAction\",\"target\":{\"@type\":\"EntryPoint\",\"urlTemplate\":\"https:\\\/\\\/www.architettoleonardo.com\\\/?s={search_term_string}\"},\"query-input\":{\"@type\":\"PropertyValueSpecification\",\"valueRequired\":true,\"valueName\":\"search_term_string\"}}],\"inLanguage\":\"it-IT\"},{\"@type\":\"Organization\",\"@id\":\"https:\\\/\\\/www.architettoleonardo.com\\\/#organization\",\"name\":\"Architetto Leonardo Lazzaretti\",\"url\":\"https:\\\/\\\/www.architettoleonardo.com\\\/\",\"logo\":{\"@type\":\"ImageObject\",\"inLanguage\":\"it-IT\",\"@id\":\"https:\\\/\\\/www.architettoleonardo.com\\\/#\\\/schema\\\/logo\\\/image\\\/\",\"url\":\"http:\\\/\\\/www.architettoleonardo.com\\\/wp-content\\\/uploads\\\/2017\\\/03\\\/schermata-11-2455887-alle-17.56.27.png\",\"contentUrl\":\"http:\\\/\\\/www.architettoleonardo.com\\\/wp-content\\\/uploads\\\/2017\\\/03\\\/schermata-11-2455887-alle-17.56.27.png\",\"width\":655,\"height\":77,\"caption\":\"Architetto Leonardo Lazzaretti\"},\"image\":{\"@id\":\"https:\\\/\\\/www.architettoleonardo.com\\\/#\\\/schema\\\/logo\\\/image\\\/\"},\"sameAs\":[\"https:\\\/\\\/www.facebook.com\\\/Architetto-Leonardo-Lazzaretti-406650913025237\\\/\"]}]}<\/script>\r\n<!-- \/ Yoast SEO plugin. -->","yoast_head_json":{"title":"Cookie policy -","robots":{"index":"index","follow":"follow","max-snippet":"max-snippet:-1","max-image-preview":"max-image-preview:large","max-video-preview":"max-video-preview:-1"},"canonical":"https:\/\/www.architettoleonardo.com\/?page_id=4&lang=it","og_locale":"it_IT","og_type":"article","og_title":"Cookie policy -","og_description":"Cookie Policy Informativa art. 13 Dlgs 196\/2003 Questa informativa sull&#8217;utilizzo dei cookie sul sito web http:\/\/www.architettoleonardo.com \u00e8 resa all&#8217;utente in attuazione del provvedimento del Garante per la protezione dei dati personali dell&#8217;8 maggio 2014 &#8220;Individuazione delle modalit\u00e0 semplificate per l&#8217;informativa e l&#8217;acquisizione del consenso per l&#8217;uso dei cookie&#8221; e nel rispetto dell&#8217;art. 13 del Codice [&hellip;]","og_url":"https:\/\/www.architettoleonardo.com\/?page_id=4&lang=it","article_publisher":"https:\/\/www.facebook.com\/Architetto-Leonardo-Lazzaretti-406650913025237\/","article_modified_time":"2024-05-07T13:01:56+00:00","twitter_card":"summary_large_image","twitter_misc":{"Tempo di lettura stimato":"6 minuti"},"schema":{"@context":"https:\/\/schema.org","@graph":[{"@type":"WebPage","@id":"https:\/\/www.architettoleonardo.com\/?page_id=4&lang=it","url":"https:\/\/www.architettoleonardo.com\/?page_id=4&lang=it","name":"Cookie policy -","isPartOf":{"@id":"https:\/\/www.architettoleonardo.com\/#website"},"datePublished":"2017-03-31T09:50:08+00:00","dateModified":"2024-05-07T13:01:56+00:00","breadcrumb":{"@id":"https:\/\/www.architettoleonardo.com\/?page_id=4&lang=it#breadcrumb"},"inLanguage":"it-IT","potentialAction":[{"@type":"ReadAction","target":["https:\/\/www.architettoleonardo.com\/?page_id=4&lang=it"]}]},{"@type":"BreadcrumbList","@id":"https:\/\/www.architettoleonardo.com\/?page_id=4&lang=it#breadcrumb","itemListElement":[{"@type":"ListItem","position":1,"name":"Home","item":"http:\/\/www.architettoleonardo.com\/?page_id=24&lang=it"},{"@type":"ListItem","position":2,"name":"Cookie policy"}]},{"@type":"WebSite","@id":"https:\/\/www.architettoleonardo.com\/#website","url":"https:\/\/www.architettoleonardo.com\/","name":"","description":"Archietto","publisher":{"@id":"https:\/\/www.architettoleonardo.com\/#organization"},"potentialAction":[{"@type":"SearchAction","target":{"@type":"EntryPoint","urlTemplate":"https:\/\/www.architettoleonardo.com\/?s={search_term_string}"},"query-input":{"@type":"PropertyValueSpecification","valueRequired":true,"valueName":"search_term_string"}}],"inLanguage":"it-IT"},{"@type":"Organization","@id":"https:\/\/www.architettoleonardo.com\/#organization","name":"Architetto Leonardo Lazzaretti","url":"https:\/\/www.architettoleonardo.com\/","logo":{"@type":"ImageObject","inLanguage":"it-IT","@id":"https:\/\/www.architettoleonardo.com\/#\/schema\/logo\/image\/","url":"http:\/\/www.architettoleonardo.com\/wp-content\/uploads\/2017\/03\/schermata-11-2455887-alle-17.56.27.png","contentUrl":"http:\/\/www.architettoleonardo.com\/wp-content\/uploads\/2017\/03\/schermata-11-2455887-alle-17.56.27.png","width":655,"height":77,"caption":"Architetto Leonardo Lazzaretti"},"image":{"@id":"https:\/\/www.architettoleonardo.com\/#\/schema\/logo\/image\/"},"sameAs":["https:\/\/www.facebook.com\/Architetto-Leonardo-Lazzaretti-406650913025237\/"]}]}},"_links":{"self":[{"href":"https:\/\/www.architettoleonardo.com\/index.php?rest_route=\/wp\/v2\/pages\/4","targetHints":{"allow":["GET"]}}],"collection":[{"href":"https:\/\/www.architettoleonardo.com\/index.php?rest_route=\/wp\/v2\/pages"}],"about":[{"href":"https:\/\/www.architettoleonardo.com\/index.php?rest_route=\/wp\/v2\/types\/page"}],"author":[{"embeddable":true,"href":"https:\/\/www.architettoleonardo.com\/index.php?rest_route=\/wp\/v2\/users\/1"}],"replies":[{"embeddable":true,"href":"https:\/\/www.architettoleonardo.com\/index.php?rest_route=%2Fwp%2Fv2%2Fcomments&post=4"}],"version-history":[{"count":0,"href":"https:\/\/www.architettoleonardo.com\/index.php?rest_route=\/wp\/v2\/pages\/4\/revisions"}],"wp:attachment":[{"href":"https:\/\/www.architettoleonardo.com\/index.php?rest_route=%2Fwp%2Fv2%2Fmedia&parent=4"}],"curies":[{"name":"wp","href":"https:\/\/api.w.org\/{rel}","templated":true}]}}